{"id":69,"date":"2020-01-27T08:05:29","date_gmt":"2020-01-27T08:05:29","guid":{"rendered":"https:\/\/demosites.io\/web-agency-gb\/?page_id=69"},"modified":"2026-03-12T13:07:46","modified_gmt":"2026-03-12T13:07:46","slug":"15c42-web-agency-gb-portfolio","status":"publish","type":"page","link":"https:\/\/cristianllada.es\/index.php\/15c42-web-agency-gb-portfolio\/","title":{"rendered":"Portfolio"},"content":{"rendered":"\n<div class=\"wp-block-cover alignfull\" style=\"min-height:300px;aspect-ratio:unset;\"><span aria-hidden=\"true\" class=\"wp-block-cover__background has-nv-site-bg-background-color has-background-dim-100 has-background-dim\"><\/span><div class=\"wp-block-cover__inner-container is-layout-flow wp-block-cover-is-layout-flow\">\n<div class=\"wp-block-group\"><div class=\"wp-block-group__inner-container is-layout-flow wp-block-group-is-layout-flow\">\n<h1 class=\"wp-block-heading has-text-align-left has-neve-text-color-color has-text-color\">Portfolio<\/h1>\n<\/div><\/div>\n\n\n\n<p>Aqu\u00ed se recogen algunos de los proyectos que he desarrollado durante mi formaci\u00f3n en el ciclo superior de Desarrollo de Aplicaciones Web (DAW). Cada proyecto representa una fase de aprendizaje distinta, aplicando conocimientos en programaci\u00f3n, bases de datos y desarrollo frontend.<\/p>\n\n\n\n<p>Como <strong>Desarrollador Web en Gij\u00f3n<\/strong>, he trabajado en aplicaciones que integran PHP, JavaScript y MySQL, desarrollando sistemas completos desde cero. Esto incluye dise\u00f1o de base de datos, estructura del backend, validaciones, gesti\u00f3n de usuarios y desarrollo de interfaces adaptables a distintos dispositivos.<\/p>\n\n\n\n<p>Si quieres conocer m\u00e1s detalles sobre alguno de los proyectos o colaborar en futuros desarrollos, puedes visitar la secci\u00f3n de contacto.<\/p>\n<\/div><\/div>\n\n\n\n<div class=\"wp-block-cover alignfull\" style=\"min-height:600px;aspect-ratio:unset;\"><span aria-hidden=\"true\" class=\"wp-block-cover__background has-nv-light-bg-background-color has-background-dim-100 has-background-dim\"><\/span><div class=\"wp-block-cover__inner-container is-layout-flow wp-block-cover-is-layout-flow\">\n<div class=\"wp-block-group\"><div class=\"wp-block-group__inner-container is-layout-flow wp-block-group-is-layout-flow\">\n<div style=\"height:80px\" aria-hidden=\"true\" class=\"wp-block-spacer\"><\/div>\n\n\n\n<div class=\"wp-block-columns are-vertically-aligned-center is-layout-flex wp-container-core-columns-is-layout-9d6595d7 wp-block-columns-is-layout-flex\">\n<div class=\"wp-block-column is-vertically-aligned-center is-layout-flow wp-block-column-is-layout-flow\" style=\"flex-basis:50%\">\n<div style=\"height:24px\" aria-hidden=\"true\" class=\"wp-block-spacer\"><\/div>\n\n\n\n<h3 class=\"wp-block-heading has-text-align-center has-neve-text-color-color has-text-color\">Critical Loot<\/h3>\n\n\n\n<p class=\"has-text-align-center has-neve-text-color-color has-text-color\">Landing page conceptual dise\u00f1ada para presentar una tienda tem\u00e1tica de juegos de rol y campa\u00f1as personalizadas.<\/p>\n\n\n\n<div class=\"wp-block-buttons is-content-justification-center is-layout-flex wp-container-core-buttons-is-layout-16018d1d wp-block-buttons-is-layout-flex\">\n<div class=\"wp-block-button is-style-primary\"><a class=\"wp-block-button__link wp-element-button\" href=\"https:\/\/cristianllada.es\/web-agency-gb-portfolio-single\/\">VER PROYECTO<\/a><\/div>\n<\/div>\n\n\n\n<div style=\"height:40px\" aria-hidden=\"true\" class=\"wp-block-spacer\"><\/div>\n<\/div>\n\n\n\n<div class=\"wp-block-column is-vertically-aligned-center is-layout-flow wp-block-column-is-layout-flow\" style=\"flex-basis:50%\">\n<div style=\"height:24px\" aria-hidden=\"true\" class=\"wp-block-spacer\"><\/div>\n\n\n\n<h3 class=\"wp-block-heading has-text-align-center has-neve-text-color-color has-text-color\">Gestor de Partidas de Rol<\/h3>\n\n\n\n<p class=\"has-text-align-center has-neve-text-color-color has-text-color\">Aplicaci\u00f3n desarrollada para la gesti\u00f3n de partidas de rol, permitiendo crear campa\u00f1as, administrar jugadores y organizar personajes .<\/p>\n\n\n\n<div class=\"wp-block-buttons is-content-justification-center is-layout-flex wp-container-core-buttons-is-layout-16018d1d wp-block-buttons-is-layout-flex\">\n<div class=\"wp-block-button is-style-primary\"><a class=\"wp-block-button__link wp-element-button\" href=\"https:\/\/cristianllada.es\/web-agency-gb-portfolio-single\/\">DETALLES DEL PROYECTO<\/a><\/div>\n<\/div>\n\n\n\n<div style=\"height:40px\" aria-hidden=\"true\" class=\"wp-block-spacer\"><\/div>\n<\/div>\n<\/div>\n\n\n\n<div style=\"height:40px\" aria-hidden=\"true\" class=\"wp-block-spacer\"><\/div>\n<\/div><\/div>\n<\/div><\/div>\n","protected":false},"excerpt":{"rendered":"","protected":false},"author":1,"featured_media":0,"parent":0,"menu_order":0,"comment_status":"closed","ping_status":"closed","template":"","meta":{"neve_meta_sidebar":"full-width","neve_meta_container":"","neve_meta_enable_content_width":"on","neve_meta_content_width":100,"neve_meta_title_alignment":"","neve_meta_author_avatar":"","neve_post_elements_order":"","neve_meta_disable_header":"","neve_meta_disable_footer":"","neve_meta_disable_title":"on","_themeisle_gutenberg_block_has_review":false,"footnotes":""},"class_list":["post-69","page","type-page","status-publish","hentry"],"yoast_head":"<!-- This site is optimized with the Yoast SEO plugin v27.4 - https:\/\/yoast.com\/product\/yoast-seo-wordpress\/ -->\n<title>Portfolio Desarrollador Web en Gij\u00f3n | Cristian Llada<\/title>\n<meta name=\"description\" content=\"Portfolio de Desarrollador Web en Gij\u00f3n con proyectos reales desarrollados en PHP, JavaScript y WordPress. Aplicaciones web y sistemas personalizados.\" \/>\n<meta name=\"robots\" content=\"index, follow, max-snippet:-1, max-image-preview:large, max-video-preview:-1\" \/>\n<link rel=\"canonical\" href=\"https:\/\/cristianllada.es\/index.php\/15c42-web-agency-gb-portfolio\/\" \/>\n<meta property=\"og:locale\" content=\"es_ES\" \/>\n<meta property=\"og:type\" content=\"article\" \/>\n<meta property=\"og:title\" content=\"Portfolio Desarrollador Web en Gij\u00f3n | Cristian Llada\" \/>\n<meta property=\"og:description\" content=\"Portfolio de Desarrollador Web en Gij\u00f3n con proyectos reales desarrollados en PHP, JavaScript y WordPress. Aplicaciones web y sistemas personalizados.\" \/>\n<meta property=\"og:url\" content=\"https:\/\/cristianllada.es\/index.php\/15c42-web-agency-gb-portfolio\/\" \/>\n<meta property=\"og:site_name\" content=\"Cristian Llada\" \/>\n<meta property=\"article:modified_time\" content=\"2026-03-12T13:07:46+00:00\" \/>\n<meta name=\"twitter:card\" content=\"summary_large_image\" \/>\n<meta name=\"twitter:label1\" content=\"Tiempo de lectura\" \/>\n\t<meta name=\"twitter:data1\" content=\"1 minuto\" \/>\n<script type=\"application\/ld+json\" class=\"yoast-schema-graph\">{\"@context\":\"https:\\\/\\\/schema.org\",\"@graph\":[{\"@type\":\"WebPage\",\"@id\":\"https:\\\/\\\/cristianllada.es\\\/index.php\\\/15c42-web-agency-gb-portfolio\\\/\",\"url\":\"https:\\\/\\\/cristianllada.es\\\/index.php\\\/15c42-web-agency-gb-portfolio\\\/\",\"name\":\"Portfolio Desarrollador Web en Gij\u00f3n | Cristian Llada\",\"isPartOf\":{\"@id\":\"https:\\\/\\\/cristianllada.es\\\/#website\"},\"datePublished\":\"2020-01-27T08:05:29+00:00\",\"dateModified\":\"2026-03-12T13:07:46+00:00\",\"description\":\"Portfolio de Desarrollador Web en Gij\u00f3n con proyectos reales desarrollados en PHP, JavaScript y WordPress. Aplicaciones web y sistemas personalizados.\",\"breadcrumb\":{\"@id\":\"https:\\\/\\\/cristianllada.es\\\/index.php\\\/15c42-web-agency-gb-portfolio\\\/#breadcrumb\"},\"inLanguage\":\"es\",\"potentialAction\":[{\"@type\":\"ReadAction\",\"target\":[\"https:\\\/\\\/cristianllada.es\\\/index.php\\\/15c42-web-agency-gb-portfolio\\\/\"]}]},{\"@type\":\"BreadcrumbList\",\"@id\":\"https:\\\/\\\/cristianllada.es\\\/index.php\\\/15c42-web-agency-gb-portfolio\\\/#breadcrumb\",\"itemListElement\":[{\"@type\":\"ListItem\",\"position\":1,\"name\":\"Portada\",\"item\":\"https:\\\/\\\/cristianllada.es\\\/\"},{\"@type\":\"ListItem\",\"position\":2,\"name\":\"Portfolio\"}]},{\"@type\":\"WebSite\",\"@id\":\"https:\\\/\\\/cristianllada.es\\\/#website\",\"url\":\"https:\\\/\\\/cristianllada.es\\\/\",\"name\":\"Cristian Llada\",\"description\":\"\",\"publisher\":{\"@id\":\"https:\\\/\\\/cristianllada.es\\\/#organization\"},\"potentialAction\":[{\"@type\":\"SearchAction\",\"target\":{\"@type\":\"EntryPoint\",\"urlTemplate\":\"https:\\\/\\\/cristianllada.es\\\/?s={search_term_string}\"},\"query-input\":{\"@type\":\"PropertyValueSpecification\",\"valueRequired\":true,\"valueName\":\"search_term_string\"}}],\"inLanguage\":\"es\"},{\"@type\":\"Organization\",\"@id\":\"https:\\\/\\\/cristianllada.es\\\/#organization\",\"name\":\"Cristian Llada\",\"url\":\"https:\\\/\\\/cristianllada.es\\\/\",\"logo\":{\"@type\":\"ImageObject\",\"inLanguage\":\"es\",\"@id\":\"https:\\\/\\\/cristianllada.es\\\/#\\\/schema\\\/logo\\\/image\\\/\",\"url\":\"https:\\\/\\\/cristianllada.es\\\/wp-content\\\/uploads\\\/2020\\\/12\\\/web-agency-logo-3.png\",\"contentUrl\":\"https:\\\/\\\/cristianllada.es\\\/wp-content\\\/uploads\\\/2020\\\/12\\\/web-agency-logo-3.png\",\"width\":200,\"height\":200,\"caption\":\"Cristian Llada\"},\"image\":{\"@id\":\"https:\\\/\\\/cristianllada.es\\\/#\\\/schema\\\/logo\\\/image\\\/\"}}]}<\/script>\n<!-- \/ Yoast SEO plugin. -->","yoast_head_json":{"title":"Portfolio Desarrollador Web en Gij\u00f3n | Cristian Llada","description":"Portfolio de Desarrollador Web en Gij\u00f3n con proyectos reales desarrollados en PHP, JavaScript y WordPress. Aplicaciones web y sistemas personalizados.","robots":{"index":"index","follow":"follow","max-snippet":"max-snippet:-1","max-image-preview":"max-image-preview:large","max-video-preview":"max-video-preview:-1"},"canonical":"https:\/\/cristianllada.es\/index.php\/15c42-web-agency-gb-portfolio\/","og_locale":"es_ES","og_type":"article","og_title":"Portfolio Desarrollador Web en Gij\u00f3n | Cristian Llada","og_description":"Portfolio de Desarrollador Web en Gij\u00f3n con proyectos reales desarrollados en PHP, JavaScript y WordPress. Aplicaciones web y sistemas personalizados.","og_url":"https:\/\/cristianllada.es\/index.php\/15c42-web-agency-gb-portfolio\/","og_site_name":"Cristian Llada","article_modified_time":"2026-03-12T13:07:46+00:00","twitter_card":"summary_large_image","twitter_misc":{"Tiempo de lectura":"1 minuto"},"schema":{"@context":"https:\/\/schema.org","@graph":[{"@type":"WebPage","@id":"https:\/\/cristianllada.es\/index.php\/15c42-web-agency-gb-portfolio\/","url":"https:\/\/cristianllada.es\/index.php\/15c42-web-agency-gb-portfolio\/","name":"Portfolio Desarrollador Web en Gij\u00f3n | Cristian Llada","isPartOf":{"@id":"https:\/\/cristianllada.es\/#website"},"datePublished":"2020-01-27T08:05:29+00:00","dateModified":"2026-03-12T13:07:46+00:00","description":"Portfolio de Desarrollador Web en Gij\u00f3n con proyectos reales desarrollados en PHP, JavaScript y WordPress. Aplicaciones web y sistemas personalizados.","breadcrumb":{"@id":"https:\/\/cristianllada.es\/index.php\/15c42-web-agency-gb-portfolio\/#breadcrumb"},"inLanguage":"es","potentialAction":[{"@type":"ReadAction","target":["https:\/\/cristianllada.es\/index.php\/15c42-web-agency-gb-portfolio\/"]}]},{"@type":"BreadcrumbList","@id":"https:\/\/cristianllada.es\/index.php\/15c42-web-agency-gb-portfolio\/#breadcrumb","itemListElement":[{"@type":"ListItem","position":1,"name":"Portada","item":"https:\/\/cristianllada.es\/"},{"@type":"ListItem","position":2,"name":"Portfolio"}]},{"@type":"WebSite","@id":"https:\/\/cristianllada.es\/#website","url":"https:\/\/cristianllada.es\/","name":"Cristian Llada","description":"","publisher":{"@id":"https:\/\/cristianllada.es\/#organization"},"potentialAction":[{"@type":"SearchAction","target":{"@type":"EntryPoint","urlTemplate":"https:\/\/cristianllada.es\/?s={search_term_string}"},"query-input":{"@type":"PropertyValueSpecification","valueRequired":true,"valueName":"search_term_string"}}],"inLanguage":"es"},{"@type":"Organization","@id":"https:\/\/cristianllada.es\/#organization","name":"Cristian Llada","url":"https:\/\/cristianllada.es\/","logo":{"@type":"ImageObject","inLanguage":"es","@id":"https:\/\/cristianllada.es\/#\/schema\/logo\/image\/","url":"https:\/\/cristianllada.es\/wp-content\/uploads\/2020\/12\/web-agency-logo-3.png","contentUrl":"https:\/\/cristianllada.es\/wp-content\/uploads\/2020\/12\/web-agency-logo-3.png","width":200,"height":200,"caption":"Cristian Llada"},"image":{"@id":"https:\/\/cristianllada.es\/#\/schema\/logo\/image\/"}}]}},"_links":{"self":[{"href":"https:\/\/cristianllada.es\/index.php\/wp-json\/wp\/v2\/pages\/69","targetHints":{"allow":["GET"]}}],"collection":[{"href":"https:\/\/cristianllada.es\/index.php\/wp-json\/wp\/v2\/pages"}],"about":[{"href":"https:\/\/cristianllada.es\/index.php\/wp-json\/wp\/v2\/types\/page"}],"author":[{"embeddable":true,"href":"https:\/\/cristianllada.es\/index.php\/wp-json\/wp\/v2\/users\/1"}],"replies":[{"embeddable":true,"href":"https:\/\/cristianllada.es\/index.php\/wp-json\/wp\/v2\/comments?post=69"}],"version-history":[{"count":1,"href":"https:\/\/cristianllada.es\/index.php\/wp-json\/wp\/v2\/pages\/69\/revisions"}],"predecessor-version":[{"id":402,"href":"https:\/\/cristianllada.es\/index.php\/wp-json\/wp\/v2\/pages\/69\/revisions\/402"}],"wp:attachment":[{"href":"https:\/\/cristianllada.es\/index.php\/wp-json\/wp\/v2\/media?parent=69"}],"curies":[{"name":"wp","href":"https:\/\/api.w.org\/{rel}","templated":true}]}}